{"id":377,"date":"2023-04-26T09:13:31","date_gmt":"2023-04-26T07:13:31","guid":{"rendered":"https:\/\/farmaciaescoda.com\/servicios\/"},"modified":"2023-05-02T15:35:00","modified_gmt":"2023-05-02T13:35:00","slug":"servicios","status":"publish","type":"page","link":"https:\/\/farmaciaescoda.com\/es\/servicios\/","title":{"rendered":"Servicios"},"content":{"rendered":"\t\t<div data-elementor-type=\"wp-page\" data-elementor-id=\"377\" class=\"elementor elementor-377 elementor-14\">\n\t\t\t\t\t\t\t\t\t<section class=\"elementor-section elementor-top-section elementor-element elementor-element-ace655f elementor-section-boxed elementor-section-height-default elementor-section-height-default\" data-id=\"ace655f\" data-element_type=\"section\" data-settings=\"{&quot;background_background&quot;:&quot;classic&quot;}\">\n\t\t\t\t\t\t<div class=\"elementor-container elementor-column-gap-default\">\n\t\t\t\t\t<div class=\"elementor-column elementor-col-100 elementor-top-column elementor-element elementor-element-201e6e1\" data-id=\"201e6e1\" data-element_type=\"column\">\n\t\t\t<div class=\"elementor-widget-wrap elementor-element-populated\">\n\t\t\t\t\t\t\t\t<div class=\"elementor-element elementor-element-be677ef elementor-widget elementor-widget-heading\" data-id=\"be677ef\" data-element_type=\"widget\" data-widget_type=\"heading.default\">\n\t\t\t\t<div class=\"elementor-widget-container\">\n\t\t\t<style>\/*! elementor - v3.12.2 - 23-04-2023 *\/\n.elementor-heading-title{padding:0;margin:0;line-height:1}.elementor-widget-heading .elementor-heading-title[class*=elementor-size-]>a{color:inherit;font-size:inherit;line-height:inherit}.elementor-widget-heading .elementor-heading-title.elementor-size-small{font-size:15px}.elementor-widget-heading .elementor-heading-title.elementor-size-medium{font-size:19px}.elementor-widget-heading .elementor-heading-title.elementor-size-large{font-size:29px}.elementor-widget-heading .elementor-heading-title.elementor-size-xl{font-size:39px}.elementor-widget-heading .elementor-heading-title.elementor-size-xxl{font-size:59px}<\/style><h1 class=\"elementor-heading-title elementor-size-default\">Servicios<\/h1>\t\t<\/div>\n\t\t\t\t<\/div>\n\t\t\t\t\t<\/div>\n\t\t<\/div>\n\t\t\t\t\t\t\t<\/div>\n\t\t<\/section>\n\t\t\t\t<section class=\"elementor-section elementor-top-section elementor-element elementor-element-e09ca44 elementor-section-boxed elementor-section-height-default elementor-section-height-default\" data-id=\"e09ca44\" data-element_type=\"section\">\n\t\t\t\t\t\t<div class=\"elementor-container elementor-column-gap-default\">\n\t\t\t\t\t<div class=\"elementor-column elementor-col-100 elementor-top-column elementor-element elementor-element-0d2b0d7\" data-id=\"0d2b0d7\" data-element_type=\"column\">\n\t\t\t<div class=\"elementor-widget-wrap elementor-element-populated\">\n\t\t\t\t\t\t\t\t<section class=\"elementor-section elementor-inner-section elementor-element elementor-element-ead83cb elementor-section-boxed elementor-section-height-default elementor-section-height-default\" data-id=\"ead83cb\" data-element_type=\"section\">\n\t\t\t\t\t\t<div class=\"elementor-container elementor-column-gap-default\">\n\t\t\t\t\t<div class=\"elementor-column elementor-col-33 elementor-inner-column elementor-element elementor-element-0a20d0b\" data-id=\"0a20d0b\" data-element_type=\"column\">\n\t\t\t<div class=\"elementor-widget-wrap elementor-element-populated\">\n\t\t\t\t\t\t\t\t<div class=\"elementor-element elementor-element-39956dc elementor-widget elementor-widget-image\" data-id=\"39956dc\" data-element_type=\"widget\" data-widget_type=\"image.default\">\n\t\t\t\t<div class=\"elementor-widget-container\">\n\t\t\t<style>\/*! elementor - v3.12.2 - 23-04-2023 *\/\n.elementor-widget-image{text-align:center}.elementor-widget-image a{display:inline-block}.elementor-widget-image a img[src$=\".svg\"]{width:48px}.elementor-widget-image img{vertical-align:middle;display:inline-block}<\/style>\t\t\t\t\t\t\t\t\t\t\t\t<img loading=\"lazy\" decoding=\"async\" width=\"600\" height=\"380\" src=\"https:\/\/farmaciaescoda.com\/wp-content\/uploads\/2023\/04\/farmacia-escoda-medicaments.jpg\" class=\"attachment-large size-large wp-image-212\" alt=\"\" srcset=\"https:\/\/farmaciaescoda.com\/wp-content\/uploads\/2023\/04\/farmacia-escoda-medicaments.jpg 600w, https:\/\/farmaciaescoda.com\/wp-content\/uploads\/2023\/04\/farmacia-escoda-medicaments-300x190.jpg 300w\" sizes=\"auto, (max-width: 600px) 100vw, 600px\" \/>\t\t\t\t\t\t\t\t\t\t\t\t\t\t\t<\/div>\n\t\t\t\t<\/div>\n\t\t\t\t<div class=\"elementor-element elementor-element-e6eb28f elementor-widget elementor-widget-heading\" data-id=\"e6eb28f\" data-element_type=\"widget\" data-widget_type=\"heading.default\">\n\t\t\t\t<div class=\"elementor-widget-container\">\n\t\t\t<h3 class=\"elementor-heading-title elementor-size-default\">Medicamentos<\/h3>\t\t<\/div>\n\t\t\t\t<\/div>\n\t\t\t\t<div class=\"elementor-element elementor-element-a07eaf0 elementor-widget elementor-widget-text-editor\" data-id=\"a07eaf0\" data-element_type=\"widget\" data-widget_type=\"text-editor.default\">\n\t\t\t\t<div class=\"elementor-widget-container\">\n\t\t\t<style>\/*! elementor - v3.12.2 - 23-04-2023 *\/\n.elementor-widget-text-editor.elementor-drop-cap-view-stacked .elementor-drop-cap{background-color:#69727d;color:#fff}.elementor-widget-text-editor.elementor-drop-cap-view-framed .elementor-drop-cap{color:#69727d;border:3px solid;background-color:transparent}.elementor-widget-text-editor:not(.elementor-drop-cap-view-default) .elementor-drop-cap{margin-top:8px}.elementor-widget-text-editor:not(.elementor-drop-cap-view-default) .elementor-drop-cap-letter{width:1em;height:1em}.elementor-widget-text-editor .elementor-drop-cap{float:left;text-align:center;line-height:1;font-size:50px}.elementor-widget-text-editor .elementor-drop-cap-letter{display:inline-block}<\/style>\t\t\t\t<p>Nuestro objetivo es tu salud. Trabajamos para tener un cat\u00e1logo de productos para el control, prevenci\u00f3n y correcci\u00f3n m\u00e9dica. Productos con y sin receta m\u00e9dica. Marcas de calidad y opciones econ\u00f3micas.<\/p>\n<p>Disponemos de un gran stock y entregas diarias para tener todo lo que necesites.<\/p>\n\t\t\t\t\t\t<\/div>\n\t\t\t\t<\/div>\n\t\t\t\t\t<\/div>\n\t\t<\/div>\n\t\t\t\t<div class=\"elementor-column elementor-col-33 elementor-inner-column elementor-element elementor-element-f09a904\" data-id=\"f09a904\" data-element_type=\"column\">\n\t\t\t<div class=\"elementor-widget-wrap elementor-element-populated\">\n\t\t\t\t\t\t\t\t<div class=\"elementor-element elementor-element-849c9f0 elementor-widget elementor-widget-image\" data-id=\"849c9f0\" data-element_type=\"widget\" data-widget_type=\"image.default\">\n\t\t\t\t<div class=\"elementor-widget-container\">\n\t\t\t\t\t\t\t\t\t\t\t\t\t\t\t<img loading=\"lazy\" decoding=\"async\" width=\"600\" height=\"380\" src=\"https:\/\/farmaciaescoda.com\/wp-content\/uploads\/2023\/04\/farmacia-escoda-ortopedia-1.jpg\" class=\"attachment-large size-large wp-image-216\" alt=\"\" srcset=\"https:\/\/farmaciaescoda.com\/wp-content\/uploads\/2023\/04\/farmacia-escoda-ortopedia-1.jpg 600w, https:\/\/farmaciaescoda.com\/wp-content\/uploads\/2023\/04\/farmacia-escoda-ortopedia-1-300x190.jpg 300w\" sizes=\"auto, (max-width: 600px) 100vw, 600px\" \/>\t\t\t\t\t\t\t\t\t\t\t\t\t\t\t<\/div>\n\t\t\t\t<\/div>\n\t\t\t\t<div class=\"elementor-element elementor-element-d439703 elementor-widget elementor-widget-heading\" data-id=\"d439703\" data-element_type=\"widget\" data-widget_type=\"heading.default\">\n\t\t\t\t<div class=\"elementor-widget-container\">\n\t\t\t<h3 class=\"elementor-heading-title elementor-size-default\">Ortopedia<\/h3>\t\t<\/div>\n\t\t\t\t<\/div>\n\t\t\t\t<div class=\"elementor-element elementor-element-60d0d1a elementor-widget elementor-widget-text-editor\" data-id=\"60d0d1a\" data-element_type=\"widget\" data-widget_type=\"text-editor.default\">\n\t\t\t\t<div class=\"elementor-widget-container\">\n\t\t\t\t\t\t\t<div class=\"page\" title=\"Page 6\">\n<div class=\"section\">\n<div class=\"layoutArea\">\n<div class=\"column\">\n<div class=\"page\" title=\"Page 6\">\n<div class=\"section\">\n<div class=\"layoutArea\">\n<div class=\"column\">\n<p>Ayudamos a las personas a prevenir, tratar y recuperarse de lesiones, as\u00ed como mejorar tu movilidad y calidad de vida.<\/p>\n<p>Tenemos venta y alquiler de productos ortop\u00e9dicos como muletas, bastones, sillas de ruedas, ortesis y pr\u00f3tesis, almohadillas, almohadas ortop\u00e9dicas, fajas o soportes de compresi\u00f3n, entre otros.<\/p>\n<\/div>\n<\/div>\n<\/div>\n<\/div>\n<\/div>\n<\/div>\n<\/div>\n<\/div>\n\t\t\t\t\t\t<\/div>\n\t\t\t\t<\/div>\n\t\t\t\t\t<\/div>\n\t\t<\/div>\n\t\t\t\t<div class=\"elementor-column elementor-col-33 elementor-inner-column elementor-element elementor-element-48975ae\" data-id=\"48975ae\" data-element_type=\"column\">\n\t\t\t<div class=\"elementor-widget-wrap elementor-element-populated\">\n\t\t\t\t\t\t\t\t<div class=\"elementor-element elementor-element-3c3c125 elementor-widget elementor-widget-image\" data-id=\"3c3c125\" data-element_type=\"widget\" data-widget_type=\"image.default\">\n\t\t\t\t<div class=\"elementor-widget-container\">\n\t\t\t\t\t\t\t\t\t\t\t\t\t\t\t<img loading=\"lazy\" decoding=\"async\" width=\"600\" height=\"380\" src=\"https:\/\/farmaciaescoda.com\/wp-content\/uploads\/2023\/04\/farmacia-escoda-nadons-premama.jpg\" class=\"attachment-large size-large wp-image-214\" alt=\"\" srcset=\"https:\/\/farmaciaescoda.com\/wp-content\/uploads\/2023\/04\/farmacia-escoda-nadons-premama.jpg 600w, https:\/\/farmaciaescoda.com\/wp-content\/uploads\/2023\/04\/farmacia-escoda-nadons-premama-300x190.jpg 300w\" sizes=\"auto, (max-width: 600px) 100vw, 600px\" \/>\t\t\t\t\t\t\t\t\t\t\t\t\t\t\t<\/div>\n\t\t\t\t<\/div>\n\t\t\t\t<div class=\"elementor-element elementor-element-23c8301 elementor-widget elementor-widget-heading\" data-id=\"23c8301\" data-element_type=\"widget\" data-widget_type=\"heading.default\">\n\t\t\t\t<div class=\"elementor-widget-container\">\n\t\t\t<h3 class=\"elementor-heading-title elementor-size-default\">Beb\u00e9s y premam\u00e1<\/h3>\t\t<\/div>\n\t\t\t\t<\/div>\n\t\t\t\t<div class=\"elementor-element elementor-element-76384da elementor-widget elementor-widget-text-editor\" data-id=\"76384da\" data-element_type=\"widget\" data-widget_type=\"text-editor.default\">\n\t\t\t\t<div class=\"elementor-widget-container\">\n\t\t\t\t\t\t\t<p>Nos encanta compartir la salud contigo y una de las cosas m\u00e1s importantes son las madres y beb\u00e9s.<\/p>\n<p>Ofrecemos control de peso gratuito para que puedas realizar seguimiento del crecimiento. Nos ocupamos de la colocaci\u00f3n de los primeros pendientes, de listas de nacimiento para que no te falte de nada y tambi\u00e9n tenemos pasteles o packs regalo para quien quieras cuidar con productos para beb\u00e9s.<\/p>\n\t\t\t\t\t\t<\/div>\n\t\t\t\t<\/div>\n\t\t\t\t\t<\/div>\n\t\t<\/div>\n\t\t\t\t\t\t\t<\/div>\n\t\t<\/section>\n\t\t\t\t\t<\/div>\n\t\t<\/div>\n\t\t\t\t\t\t\t<\/div>\n\t\t<\/section>\n\t\t\t\t<section class=\"elementor-section elementor-top-section elementor-element elementor-element-022ab0b elementor-section-boxed elementor-section-height-default elementor-section-height-default\" data-id=\"022ab0b\" data-element_type=\"section\">\n\t\t\t\t\t\t<div class=\"elementor-container elementor-column-gap-default\">\n\t\t\t\t\t<div class=\"elementor-column elementor-col-100 elementor-top-column elementor-element elementor-element-612c113\" data-id=\"612c113\" data-element_type=\"column\">\n\t\t\t<div class=\"elementor-widget-wrap elementor-element-populated\">\n\t\t\t\t\t\t\t\t<section class=\"elementor-section elementor-inner-section elementor-element elementor-element-da85bb7 elementor-section-boxed elementor-section-height-default elementor-section-height-default\" data-id=\"da85bb7\" data-element_type=\"section\">\n\t\t\t\t\t\t<div class=\"elementor-container elementor-column-gap-default\">\n\t\t\t\t\t<div class=\"elementor-column elementor-col-33 elementor-inner-column elementor-element elementor-element-6b1b79a\" data-id=\"6b1b79a\" data-element_type=\"column\">\n\t\t\t<div class=\"elementor-widget-wrap elementor-element-populated\">\n\t\t\t\t\t\t\t\t<div class=\"elementor-element elementor-element-25370bd elementor-widget elementor-widget-image\" data-id=\"25370bd\" data-element_type=\"widget\" data-widget_type=\"image.default\">\n\t\t\t\t<div class=\"elementor-widget-container\">\n\t\t\t\t\t\t\t\t\t\t\t\t\t\t\t<img loading=\"lazy\" decoding=\"async\" width=\"600\" height=\"380\" src=\"https:\/\/farmaciaescoda.com\/wp-content\/uploads\/2023\/04\/farmacia-escoda-control-de-la-salut.jpg\" class=\"attachment-large size-large wp-image-208\" alt=\"\" srcset=\"https:\/\/farmaciaescoda.com\/wp-content\/uploads\/2023\/04\/farmacia-escoda-control-de-la-salut.jpg 600w, https:\/\/farmaciaescoda.com\/wp-content\/uploads\/2023\/04\/farmacia-escoda-control-de-la-salut-300x190.jpg 300w\" sizes=\"auto, (max-width: 600px) 100vw, 600px\" \/>\t\t\t\t\t\t\t\t\t\t\t\t\t\t\t<\/div>\n\t\t\t\t<\/div>\n\t\t\t\t<div class=\"elementor-element elementor-element-fad2bd5 elementor-widget elementor-widget-heading\" data-id=\"fad2bd5\" data-element_type=\"widget\" data-widget_type=\"heading.default\">\n\t\t\t\t<div class=\"elementor-widget-container\">\n\t\t\t<h3 class=\"elementor-heading-title elementor-size-default\">Control de la salud<\/h3>\t\t<\/div>\n\t\t\t\t<\/div>\n\t\t\t\t<div class=\"elementor-element elementor-element-bd4b2f6 elementor-widget elementor-widget-text-editor\" data-id=\"bd4b2f6\" data-element_type=\"widget\" data-widget_type=\"text-editor.default\">\n\t\t\t\t<div class=\"elementor-widget-container\">\n\t\t\t\t\t\t\t<p>Estamos a tu lado no s\u00f3lo cuando lo necesitas, sino todos los d\u00edas con servicios que prestan atenci\u00f3n a tu salud.<\/p>\n<p>En nuestra farmacia podr\u00e1s realizar control de peso, de la tensi\u00f3n, medidas de az\u00facar en sangre, del colesterol o triglic\u00e9ridos.<\/p>\n\t\t\t\t\t\t<\/div>\n\t\t\t\t<\/div>\n\t\t\t\t\t<\/div>\n\t\t<\/div>\n\t\t\t\t<div class=\"elementor-column elementor-col-33 elementor-inner-column elementor-element elementor-element-ffd30de\" data-id=\"ffd30de\" data-element_type=\"column\">\n\t\t\t<div class=\"elementor-widget-wrap elementor-element-populated\">\n\t\t\t\t\t\t\t\t<div class=\"elementor-element elementor-element-c546c54 elementor-widget elementor-widget-image\" data-id=\"c546c54\" data-element_type=\"widget\" data-widget_type=\"image.default\">\n\t\t\t\t<div class=\"elementor-widget-container\">\n\t\t\t\t\t\t\t\t\t\t\t\t\t\t\t<img loading=\"lazy\" decoding=\"async\" width=\"600\" height=\"380\" src=\"https:\/\/farmaciaescoda.com\/wp-content\/uploads\/2023\/04\/farmacia-escoda-esportius.jpg\" class=\"attachment-large size-large wp-image-210\" alt=\"\" srcset=\"https:\/\/farmaciaescoda.com\/wp-content\/uploads\/2023\/04\/farmacia-escoda-esportius.jpg 600w, https:\/\/farmaciaescoda.com\/wp-content\/uploads\/2023\/04\/farmacia-escoda-esportius-300x190.jpg 300w\" sizes=\"auto, (max-width: 600px) 100vw, 600px\" \/>\t\t\t\t\t\t\t\t\t\t\t\t\t\t\t<\/div>\n\t\t\t\t<\/div>\n\t\t\t\t<div class=\"elementor-element elementor-element-cdeeb0e elementor-widget elementor-widget-heading\" data-id=\"cdeeb0e\" data-element_type=\"widget\" data-widget_type=\"heading.default\">\n\t\t\t\t<div class=\"elementor-widget-container\">\n\t\t\t<h3 class=\"elementor-heading-title elementor-size-default\">Deportivos<\/h3>\t\t<\/div>\n\t\t\t\t<\/div>\n\t\t\t\t<div class=\"elementor-element elementor-element-fd7f4d8 elementor-widget elementor-widget-text-editor\" data-id=\"fd7f4d8\" data-element_type=\"widget\" data-widget_type=\"text-editor.default\">\n\t\t\t\t<div class=\"elementor-widget-container\">\n\t\t\t\t\t\t\t<p>Hacer deporte es cuidarse y nos encanta verte activa. Tenemos asesoramiento nutricional para que sigas en la buena l\u00ednea o mejorar tus resultados.<\/p>\n<p>En Farmacia Escoda tenemos una secci\u00f3n de suplementos y complementos nutricionales para ponerte en forma.<\/p>\n<p>Y si tienes alg\u00fan problema f\u00edsico, tenemos productos de cuidado por las lesiones.<\/p>\n\t\t\t\t\t\t<\/div>\n\t\t\t\t<\/div>\n\t\t\t\t\t<\/div>\n\t\t<\/div>\n\t\t\t\t<div class=\"elementor-column elementor-col-33 elementor-inner-column elementor-element elementor-element-c219756\" data-id=\"c219756\" data-element_type=\"column\">\n\t\t\t<div class=\"elementor-widget-wrap elementor-element-populated\">\n\t\t\t\t\t\t\t\t<div class=\"elementor-element elementor-element-2e1a89f elementor-widget elementor-widget-image\" data-id=\"2e1a89f\" data-element_type=\"widget\" data-widget_type=\"image.default\">\n\t\t\t\t<div class=\"elementor-widget-container\">\n\t\t\t\t\t\t\t\t\t\t\t\t\t\t\t<img loading=\"lazy\" decoding=\"async\" width=\"600\" height=\"380\" src=\"https:\/\/farmaciaescoda.com\/wp-content\/uploads\/2023\/04\/farmacia-escoda-veterinaria.jpg\" class=\"attachment-large size-large wp-image-218\" alt=\"\" srcset=\"https:\/\/farmaciaescoda.com\/wp-content\/uploads\/2023\/04\/farmacia-escoda-veterinaria.jpg 600w, https:\/\/farmaciaescoda.com\/wp-content\/uploads\/2023\/04\/farmacia-escoda-veterinaria-300x190.jpg 300w\" sizes=\"auto, (max-width: 600px) 100vw, 600px\" \/>\t\t\t\t\t\t\t\t\t\t\t\t\t\t\t<\/div>\n\t\t\t\t<\/div>\n\t\t\t\t<div class=\"elementor-element elementor-element-c8a4775 elementor-widget elementor-widget-heading\" data-id=\"c8a4775\" data-element_type=\"widget\" data-widget_type=\"heading.default\">\n\t\t\t\t<div class=\"elementor-widget-container\">\n\t\t\t<h3 class=\"elementor-heading-title elementor-size-default\">Veterinaria<\/h3>\t\t<\/div>\n\t\t\t\t<\/div>\n\t\t\t\t<div class=\"elementor-element elementor-element-26921c5 elementor-widget elementor-widget-text-editor\" data-id=\"26921c5\" data-element_type=\"widget\" data-widget_type=\"text-editor.default\">\n\t\t\t\t<div class=\"elementor-widget-container\">\n\t\t\t\t\t\t\t<p>Como sabemos que las mascotas tambi\u00e9n son de la familia, disponemos de productos para animales.<\/p>\n<p>Alimentaci\u00f3n y medicaci\u00f3n veterinaria para cuidar de todos.<\/p>\n\t\t\t\t\t\t<\/div>\n\t\t\t\t<\/div>\n\t\t\t\t\t<\/div>\n\t\t<\/div>\n\t\t\t\t\t\t\t<\/div>\n\t\t<\/section>\n\t\t\t\t\t<\/div>\n\t\t<\/div>\n\t\t\t\t\t\t\t<\/div>\n\t\t<\/section>\n\t\t\t\t\t\t\t<\/div>\n\t\t","protected":false},"excerpt":{"rendered":"<p>Servicios Medicamentos Nuestro objetivo es tu salud. Trabajamos para tener un cat\u00e1logo de productos para el control, prevenci\u00f3n y correcci\u00f3n m\u00e9dica. Productos con y sin receta m\u00e9dica. Marcas de calidad y opciones econ\u00f3micas. Disponemos de un gran stock y entregas diarias para tener todo lo que necesites. Ortopedia Ayudamos a las personas a prevenir, tratar [&hellip;]<\/p>\n","protected":false},"author":2,"featured_media":0,"parent":0,"menu_order":0,"comment_status":"closed","ping_status":"closed","template":"elementor_header_footer","meta":{"footnotes":""},"class_list":["post-377","page","type-page","status-publish","hentry"],"yoast_head":"<!-- This site is optimized with the Yoast SEO plugin v20.6 - https:\/\/yoast.com\/wordpress\/plugins\/seo\/ -->\n<title>Servicios - Farm\u00e0cia Escoda<\/title>\n<meta name=\"robots\" content=\"index, follow, max-snippet:-1, max-image-preview:large, max-video-preview:-1\" \/>\n<link rel=\"canonical\" href=\"https:\/\/farmaciaescoda.com\/es\/servicios\/\" \/>\n<meta property=\"og:locale\" content=\"es_ES\" \/>\n<meta property=\"og:type\" content=\"article\" \/>\n<meta property=\"og:title\" content=\"Servicios - Farm\u00e0cia Escoda\" \/>\n<meta property=\"og:description\" content=\"Servicios Medicamentos Nuestro objetivo es tu salud. Trabajamos para tener un cat\u00e1logo de productos para el control, prevenci\u00f3n y correcci\u00f3n m\u00e9dica. Productos con y sin receta m\u00e9dica. Marcas de calidad y opciones econ\u00f3micas. Disponemos de un gran stock y entregas diarias para tener todo lo que necesites. Ortopedia Ayudamos a las personas a prevenir, tratar [&hellip;]\" \/>\n<meta property=\"og:url\" content=\"https:\/\/farmaciaescoda.com\/es\/servicios\/\" \/>\n<meta property=\"og:site_name\" content=\"Farm\u00e0cia Escoda\" \/>\n<meta property=\"article:modified_time\" content=\"2023-05-02T13:35:00+00:00\" \/>\n<meta property=\"og:image\" content=\"https:\/\/farmaciaescoda.com\/wp-content\/uploads\/2023\/04\/farmacia-escoda-medicaments.jpg\" \/>\n<meta name=\"twitter:card\" content=\"summary_large_image\" \/>\n<meta name=\"twitter:label1\" content=\"Tiempo de lectura\" \/>\n\t<meta name=\"twitter:data1\" content=\"2 minutos\" \/>\n<script type=\"application\/ld+json\" class=\"yoast-schema-graph\">{\"@context\":\"https:\/\/schema.org\",\"@graph\":[{\"@type\":\"WebPage\",\"@id\":\"https:\/\/farmaciaescoda.com\/es\/servicios\/\",\"url\":\"https:\/\/farmaciaescoda.com\/es\/servicios\/\",\"name\":\"Servicios - Farm\u00e0cia Escoda\",\"isPartOf\":{\"@id\":\"https:\/\/farmaciaescoda.com\/es\/#website\"},\"datePublished\":\"2023-04-26T07:13:31+00:00\",\"dateModified\":\"2023-05-02T13:35:00+00:00\",\"breadcrumb\":{\"@id\":\"https:\/\/farmaciaescoda.com\/es\/servicios\/#breadcrumb\"},\"inLanguage\":\"es\",\"potentialAction\":[{\"@type\":\"ReadAction\",\"target\":[\"https:\/\/farmaciaescoda.com\/es\/servicios\/\"]}]},{\"@type\":\"BreadcrumbList\",\"@id\":\"https:\/\/farmaciaescoda.com\/es\/servicios\/#breadcrumb\",\"itemListElement\":[{\"@type\":\"ListItem\",\"position\":1,\"name\":\"Inici\",\"item\":\"https:\/\/farmaciaescoda.com\/es\/\"},{\"@type\":\"ListItem\",\"position\":2,\"name\":\"Servicios\"}]},{\"@type\":\"WebSite\",\"@id\":\"https:\/\/farmaciaescoda.com\/es\/#website\",\"url\":\"https:\/\/farmaciaescoda.com\/es\/\",\"name\":\"Farm\u00e0cia Escoda\",\"description\":\"Primer, la teva salut\",\"publisher\":{\"@id\":\"https:\/\/farmaciaescoda.com\/es\/#organization\"},\"potentialAction\":[{\"@type\":\"SearchAction\",\"target\":{\"@type\":\"EntryPoint\",\"urlTemplate\":\"https:\/\/farmaciaescoda.com\/es\/?s={search_term_string}\"},\"query-input\":\"required name=search_term_string\"}],\"inLanguage\":\"es\"},{\"@type\":\"Organization\",\"@id\":\"https:\/\/farmaciaescoda.com\/es\/#organization\",\"name\":\"Farm\u00e0cia Escoda\",\"url\":\"https:\/\/farmaciaescoda.com\/es\/\",\"logo\":{\"@type\":\"ImageObject\",\"inLanguage\":\"es\",\"@id\":\"https:\/\/farmaciaescoda.com\/es\/#\/schema\/logo\/image\/\",\"url\":\"https:\/\/farmaciaescoda.com\/wp-content\/uploads\/2023\/04\/logo-farmacia-escoda.png\",\"contentUrl\":\"https:\/\/farmaciaescoda.com\/wp-content\/uploads\/2023\/04\/logo-farmacia-escoda.png\",\"width\":1024,\"height\":190,\"caption\":\"Farm\u00e0cia Escoda\"},\"image\":{\"@id\":\"https:\/\/farmaciaescoda.com\/es\/#\/schema\/logo\/image\/\"}}]}<\/script>\n<!-- \/ Yoast SEO plugin. -->","yoast_head_json":{"title":"Servicios - Farm\u00e0cia Escoda","robots":{"index":"index","follow":"follow","max-snippet":"max-snippet:-1","max-image-preview":"max-image-preview:large","max-video-preview":"max-video-preview:-1"},"canonical":"https:\/\/farmaciaescoda.com\/es\/servicios\/","og_locale":"es_ES","og_type":"article","og_title":"Servicios - Farm\u00e0cia Escoda","og_description":"Servicios Medicamentos Nuestro objetivo es tu salud. Trabajamos para tener un cat\u00e1logo de productos para el control, prevenci\u00f3n y correcci\u00f3n m\u00e9dica. Productos con y sin receta m\u00e9dica. Marcas de calidad y opciones econ\u00f3micas. Disponemos de un gran stock y entregas diarias para tener todo lo que necesites. Ortopedia Ayudamos a las personas a prevenir, tratar [&hellip;]","og_url":"https:\/\/farmaciaescoda.com\/es\/servicios\/","og_site_name":"Farm\u00e0cia Escoda","article_modified_time":"2023-05-02T13:35:00+00:00","og_image":[{"url":"https:\/\/farmaciaescoda.com\/wp-content\/uploads\/2023\/04\/farmacia-escoda-medicaments.jpg"}],"twitter_card":"summary_large_image","twitter_misc":{"Tiempo de lectura":"2 minutos"},"schema":{"@context":"https:\/\/schema.org","@graph":[{"@type":"WebPage","@id":"https:\/\/farmaciaescoda.com\/es\/servicios\/","url":"https:\/\/farmaciaescoda.com\/es\/servicios\/","name":"Servicios - Farm\u00e0cia Escoda","isPartOf":{"@id":"https:\/\/farmaciaescoda.com\/es\/#website"},"datePublished":"2023-04-26T07:13:31+00:00","dateModified":"2023-05-02T13:35:00+00:00","breadcrumb":{"@id":"https:\/\/farmaciaescoda.com\/es\/servicios\/#breadcrumb"},"inLanguage":"es","potentialAction":[{"@type":"ReadAction","target":["https:\/\/farmaciaescoda.com\/es\/servicios\/"]}]},{"@type":"BreadcrumbList","@id":"https:\/\/farmaciaescoda.com\/es\/servicios\/#breadcrumb","itemListElement":[{"@type":"ListItem","position":1,"name":"Inici","item":"https:\/\/farmaciaescoda.com\/es\/"},{"@type":"ListItem","position":2,"name":"Servicios"}]},{"@type":"WebSite","@id":"https:\/\/farmaciaescoda.com\/es\/#website","url":"https:\/\/farmaciaescoda.com\/es\/","name":"Farm\u00e0cia Escoda","description":"Primer, la teva salut","publisher":{"@id":"https:\/\/farmaciaescoda.com\/es\/#organization"},"potentialAction":[{"@type":"SearchAction","target":{"@type":"EntryPoint","urlTemplate":"https:\/\/farmaciaescoda.com\/es\/?s={search_term_string}"},"query-input":"required name=search_term_string"}],"inLanguage":"es"},{"@type":"Organization","@id":"https:\/\/farmaciaescoda.com\/es\/#organization","name":"Farm\u00e0cia Escoda","url":"https:\/\/farmaciaescoda.com\/es\/","logo":{"@type":"ImageObject","inLanguage":"es","@id":"https:\/\/farmaciaescoda.com\/es\/#\/schema\/logo\/image\/","url":"https:\/\/farmaciaescoda.com\/wp-content\/uploads\/2023\/04\/logo-farmacia-escoda.png","contentUrl":"https:\/\/farmaciaescoda.com\/wp-content\/uploads\/2023\/04\/logo-farmacia-escoda.png","width":1024,"height":190,"caption":"Farm\u00e0cia Escoda"},"image":{"@id":"https:\/\/farmaciaescoda.com\/es\/#\/schema\/logo\/image\/"}}]}},"_links":{"self":[{"href":"https:\/\/farmaciaescoda.com\/es\/wp-json\/wp\/v2\/pages\/377","targetHints":{"allow":["GET"]}}],"collection":[{"href":"https:\/\/farmaciaescoda.com\/es\/wp-json\/wp\/v2\/pages"}],"about":[{"href":"https:\/\/farmaciaescoda.com\/es\/wp-json\/wp\/v2\/types\/page"}],"author":[{"embeddable":true,"href":"https:\/\/farmaciaescoda.com\/es\/wp-json\/wp\/v2\/users\/2"}],"replies":[{"embeddable":true,"href":"https:\/\/farmaciaescoda.com\/es\/wp-json\/wp\/v2\/comments?post=377"}],"version-history":[{"count":1,"href":"https:\/\/farmaciaescoda.com\/es\/wp-json\/wp\/v2\/pages\/377\/revisions"}],"predecessor-version":[{"id":378,"href":"https:\/\/farmaciaescoda.com\/es\/wp-json\/wp\/v2\/pages\/377\/revisions\/378"}],"wp:attachment":[{"href":"https:\/\/farmaciaescoda.com\/es\/wp-json\/wp\/v2\/media?parent=377"}],"curies":[{"name":"wp","href":"https:\/\/api.w.org\/{rel}","templated":true}]}}